{"id":6,"date":"2018-08-18T16:57:58","date_gmt":"2018-08-18T16:57:58","guid":{"rendered":"https:\/\/bavaria-carwash.de\/wordpress\/?page_id=6"},"modified":"2022-03-22T16:31:25","modified_gmt":"2022-03-22T16:31:25","slug":"bavaria-carwash-autopflege-mit-gutem-gewissen","status":"publish","type":"page","link":"https:\/\/bavaria-carwash.de\/","title":{"rendered":"Bavaria CarWash"},"content":{"rendered":"<p>[et_pb_section bb_built=&#8220;1&#8243; admin_label=&#8220;Hero&#8220; fullwidth=&#8220;on&#8220; next_background_color=&#8220;#ffffff&#8220; _builder_version=&#8220;3.12.2&#8243; background_color=&#8220;#9bd8ea&#8220; use_background_color_gradient=&#8220;on&#8220; background_color_gradient_start=&#8220;#ffffff&#8220; background_color_gradient_end=&#8220;#9bd8ea&#8220; background_color_gradient_direction=&#8220;165deg&#8220; background_color_gradient_start_position=&#8220;40%&#8220; background_image=&#8220;https:\/\/bavaria-carwash.de\/wordpress\/wp-content\/uploads\/2018\/08\/babysitter-background-color-1.png&#8220; custom_padding=&#8220;0px||0||false|false&#8220; bottom_divider_style=&#8220;wave2&#8243; bottom_divider_height=&#8220;150px&#8220; bottom_divider_flip=&#8220;horizontal&#8220;][et_pb_fullwidth_header title=&#8220;Sauber sog I!&#8220; background_overlay_color=&#8220;rgba(255,255,255,0.3)&#8220; header_image_url=&#8220;https:\/\/bavaria-carwash.de\/wp-content\/uploads\/2018\/08\/bavaria-carwash-illustration_heiliges-auto.png&#8220; _builder_version=&#8220;3.12.2&#8243; title_text_color=&#8220;#009fdd&#8220; title_font_size=&#8220;78px&#8220; title_font_size_tablet=&#8220;65px&#8220; title_font_size_phone=&#8220;58px&#8220; title_font_size_last_edited=&#8220;on|tablet&#8220; title_line_height=&#8220;1.1em&#8220; content_font=&#8220;Fira Sans|300|||||||&#8220; content_font_size=&#8220;28px&#8220; content_font_size_tablet=&#8220;22px&#8220; content_font_size_last_edited=&#8220;on|tablet&#8220; content_line_height=&#8220;1.3em&#8220; background_color=&#8220;#009fdd&#8220; use_background_color_gradient=&#8220;on&#8220; background_color_gradient_start=&#8220;#75c0dd&#8220; background_color_gradient_end=&#8220;#009fdd&#8220; background_image=&#8220;https:\/\/bavaria-carwash.de\/wordpress\/wp-content\/uploads\/2018\/08\/bavaria-carwash-header-pattern-3.png&#8220; custom_button_two=&#8220;on&#8220; button_two_text_size=&#8220;14px&#8220; button_two_text_color=&#8220;#88d4f2&#8243; button_two_border_width=&#8220;6px&#8220; button_two_border_color=&#8220;rgba(255,255,255,0)&#8220; button_two_border_radius=&#8220;86px&#8220; button_two_font=&#8220;Nunito|700||on|||||&#8220; button_two_use_icon=&#8220;off&#8220; button_two_text_color_hover=&#8220;#ffffff&#8220; button_two_bg_color_hover=&#8220;#88d4f2&#8243; button_two_border_color_hover=&#8220;#88d4f2&#8243; custom_button_one=&#8220;on&#8220; button_one_text_size=&#8220;14px&#8220; button_one_text_color=&#8220;#ffffff&#8220; button_one_bg_color=&#8220;#ffb9cc&#8220; button_one_border_width=&#8220;8px&#8220; button_one_border_color=&#8220;#ffb9cc&#8220; button_one_border_radius=&#8220;100px&#8220; button_one_font=&#8220;Nunito|700||on|||||&#8220; button_one_use_icon=&#8220;off&#8220; box_shadow_style_button_two=&#8220;preset5&#8243; box_shadow_vertical_button_two=&#8220;0px&#8220; box_shadow_spread_button_two=&#8220;2px&#8220; box_shadow_color_button_two=&#8220;#88d4f2&#8243; box_shadow_style_button_one=&#8220;preset3&#8243; box_shadow_color_button_one=&#8220;rgba(255,185,204,0.6)&#8220; custom_margin=&#8220;|||&#8220; custom_padding=&#8220;100px||120px|&#8220; custom_padding_tablet=&#8220;60px||150px|&#8220; custom_padding_last_edited=&#8220;on|tablet&#8220;]<\/p>\n<p class=\"p2\">Autopflege mit gutem Gewissen<\/p>\n<p>[\/et_pb_fullwidth_header][\/et_pb_section][et_pb_section bb_built=&#8220;1&#8243; admin_label=&#8220;Feature&#8220; module_id=&#8220;besonderheiten&#8220; _builder_version=&#8220;3.12.2&#8243; background_size=&#8220;initial&#8220; custom_padding=&#8220;0|0px|54px|0px|false|false&#8220; prev_background_color=&#8220;#9bd8ea&#8220; next_background_color=&#8220;#000000&#8243;][et_pb_row custom_padding=&#8220;58px|0px|0|0px|false|false&#8220; custom_margin=&#8220;|||&#8220; _builder_version=&#8220;3.12.2&#8243; border_color_all=&#8220;#ffffff&#8220;][et_pb_column type=&#8220;1_2&#8243;][et_pb_blurb title=&#8220;Dank neuester Technologie extra gr\u00fcndlich&#8220; image=&#8220;https:\/\/bavaria-carwash.de\/wp-content\/uploads\/2018\/08\/bavaria-carwash-icon-06.png&#8220; image_max_width_tablet=&#8220;80%&#8220; image_max_width_last_edited=&#8220;on|tablet&#8220; _builder_version=&#8220;3.12.2&#8243; header_font=&#8220;|600|||||||&#8220; header_text_align=&#8220;center&#8220; header_text_color=&#8220;#069fdd&#8220; header_line_height=&#8220;1.3em&#8220; body_font=&#8220;Nunito||||||||&#8220; body_text_align=&#8220;center&#8220; body_font_size=&#8220;16px&#8220; body_line_height=&#8220;1.6em&#8220; border_radii_image=&#8220;on|10px|10px|10px|10px&#8220; border_width_all_image=&#8220;10px&#8220; border_color_all_image=&#8220;#ffffff&#8220; custom_margin=&#8220;|||&#8220; custom_padding=&#8220;|||&#8220; animation_style=&#8220;zoom&#8220; animation_direction=&#8220;top&#8220; animation_intensity_zoom=&#8220;9%&#8220;]<\/p>\n<p>und durch WashTec L\u00f6sungen maximal schonend f\u00fcr den Lack.<\/p>\n<p>[\/et_pb_blurb][\/et_pb_column][et_pb_column type=&#8220;1_2&#8243;][et_pb_blurb title=&#8220;Alle Chemikalien sind biologisch abbaubar&#8220; image=&#8220;https:\/\/bavaria-carwash.de\/wp-content\/uploads\/2018\/08\/bavaria-carwash-icon-05.png&#8220; image_max_width_tablet=&#8220;80%&#8220; image_max_width_last_edited=&#8220;on|tablet&#8220; _builder_version=&#8220;3.12.2&#8243; header_font=&#8220;|600|||||||&#8220; header_text_align=&#8220;center&#8220; header_text_color=&#8220;#069fdd&#8220; header_line_height=&#8220;1.3em&#8220; body_font=&#8220;Nunito||||||||&#8220; body_text_align=&#8220;center&#8220; body_font_size=&#8220;16px&#8220; body_line_height=&#8220;1.6em&#8220; border_radii_image=&#8220;on|10px|10px|10px|10px&#8220; border_width_all_image=&#8220;10px&#8220; border_color_all_image=&#8220;#ffffff&#8220; custom_margin=&#8220;|||&#8220; custom_padding=&#8220;|||&#8220; animation_style=&#8220;zoom&#8220; animation_direction=&#8220;top&#8220; animation_delay=&#8220;150ms&#8220; animation_intensity_zoom=&#8220;9%&#8220;]<\/p>\n<p>und die Aufbereitungsanlage reduziert den\u00a0Frischwasserverbrauch auf ein Minimum.<\/p>\n<p>[\/et_pb_blurb][\/et_pb_column][\/et_pb_row][\/et_pb_section][et_pb_section bb_built=&#8220;1&#8243; _builder_version=&#8220;3.12.2&#8243; custom_padding=&#8220;0|0px|0|0px|false|false&#8220; prev_background_color=&#8220;#000000&#8243; next_background_color=&#8220;#000000&#8243;][et_pb_row custom_padding=&#8220;0|0px|25px|0px|false|false&#8220; _builder_version=&#8220;3.12.2&#8243;][et_pb_column type=&#8220;4_4&#8243;][et_pb_button button_url=&#8220;#infos&#8220; button_text=&#8220;Mehr Informationen&#8220; button_alignment=&#8220;center&#8220; _builder_version=&#8220;3.12.2&#8243; custom_button=&#8220;on&#8220; button_font=&#8220;||||||||&#8220; button_icon=&#8220;%%1%%&#8220; button_icon_placement=&#8220;left&#8220; button_on_hover=&#8220;off&#8220;]<\/p>\n<p>&nbsp;<\/p>\n<p>[\/et_pb_button][\/et_pb_column][\/et_pb_row][\/et_pb_section][et_pb_section bb_built=&#8220;1&#8243; admin_label=&#8220;Testimonial&#8220; prev_background_color=&#8220;#ffffff&#8220; module_id=&#8220;oeffnungszeiten&#8220; _builder_version=&#8220;3.12.2&#8243; use_background_color_gradient=&#8220;on&#8220; background_color_gradient_start=&#8220;#51bce7&#8243; background_color_gradient_end=&#8220;#4193ba&#8220; background_image=&#8220;https:\/\/bavaria-carwash.de\/wordpress\/wp-content\/uploads\/2018\/08\/bavaria-carwash-drops-pattern.png&#8220; custom_padding=&#8220;148px||120px||false|false&#8220; top_divider_style=&#8220;wave&#8220; top_divider_height=&#8220;150px&#8220; bottom_divider_style=&#8220;wave&#8220; bottom_divider_color=&#8220;#ffffff&#8220; bottom_divider_height=&#8220;50px&#8220; next_background_color=&#8220;#ffffff&#8220;][et_pb_row _builder_version=&#8220;3.12.2&#8243;][et_pb_column type=&#8220;4_4&#8243;][et_pb_text admin_label=&#8220;\u00d6ffnungszeiten&#8220; _builder_version=&#8220;3.12.2&#8243; text_font=&#8220;||||||||&#8220; header_font=&#8220;||||||||&#8220; header_text_align=&#8220;center&#8220; header_2_font=&#8220;||||||||&#8220; header_2_text_align=&#8220;center&#8220; header_2_font_size=&#8220;46px&#8220; text_orientation=&#8220;center&#8220; background_layout=&#8220;dark&#8220; max_width=&#8220;700px&#8220; module_alignment=&#8220;center&#8220; animation_style=&#8220;slide&#8220; animation_direction=&#8220;top&#8220; animation_intensity_slide=&#8220;5%&#8220; animation_starting_opacity=&#8220;100%&#8220;]<\/p>\n<h2>\u00d6ffnungszeiten<\/h2>\n<p>[\/et_pb_text][\/et_pb_column][\/et_pb_row][et_pb_row admin_label=&#8220;Pricing 3 Cards&#8220; custom_width_px=&#8220;1366px&#8220; use_custom_gutter=&#8220;on&#8220; gutter_width=&#8220;2&#8243; custom_padding=&#8220;27px|0px|0px|0px&#8220; custom_margin=&#8220;|||&#8220; make_equal=&#8220;on&#8220; _builder_version=&#8220;3.12.2&#8243; module_alignment=&#8220;center&#8220;][et_pb_column type=&#8220;4_4&#8243;][et_pb_blurb admin_label=&#8220;Sommer&#8220; title=&#8220;8.00 Uhr bis 18.00 Uhr&#8220; image=&#8220;https:\/\/bavaria-carwash.de\/wp-content\/uploads\/2018\/08\/bavaria-carwash-icon-08.png&#8220; image_max_width_tablet=&#8220;80%&#8220; image_max_width_last_edited=&#8220;on|desktop&#8220; _builder_version=&#8220;3.12.2&#8243; header_text_align=&#8220;center&#8220; header_text_color=&#8220;#069fdd&#8220; header_font_size=&#8220;20&#8243; header_line_height=&#8220;1.3em&#8220; body_font=&#8220;Nunito||||||||&#8220; body_text_align=&#8220;center&#8220; body_font_size=&#8220;16px&#8220; body_line_height=&#8220;1.8em&#8220; background_color=&#8220;#ffffff&#8220; border_radii=&#8220;on|8px|8px|8px|8px&#8220; border_width_all=&#8220;5px&#8220; border_color_all=&#8220;#ffffff&#8220; border_width_all_image=&#8220;1px&#8220; border_color_all_image=&#8220;#ffffff&#8220; box_shadow_style=&#8220;preset3&#8243; box_shadow_vertical=&#8220;18px&#8220; custom_margin=&#8220;|||&#8220; custom_padding=&#8220;20px|20px|50px|20px&#8220; animation_style=&#8220;flip&#8220; animation_direction=&#8220;left&#8220; animation_delay=&#8220;100ms&#8220; animation_intensity_flip=&#8220;18%&#8220;]<\/p>\n<p><strong>Montag bis Samstag<\/strong><\/p>\n<p>[\/et_pb_blurb][\/et_pb_column][\/et_pb_row][et_pb_row _builder_version=&#8220;3.12.2&#8243;][et_pb_column type=&#8220;4_4&#8243;][et_pb_text admin_label=&#8220;Wichtige Hinweise&#8220; _builder_version=&#8220;3.12.2&#8243; text_font=&#8220;Fira Sans|300|||||||&#8220; text_font_size=&#8220;16px&#8220; text_orientation=&#8220;center&#8220; background_layout=&#8220;dark&#8220; max_width_tablet=&#8220;50px&#8220; module_alignment=&#8220;center&#8220; custom_margin=&#8220;30px|||&#8220; animation_direction=&#8220;top&#8220;]<\/p>\n<p><strong>*Wichtige Hinweise zur Autow\u00e4sche im Winter:<\/strong><\/p>\n<p><em>Der ADAC empfiehlt:<\/em><br \/>\n\u201eAuch wenn viele Autohalter der Meinung sind, dass sich die W\u00e4sche im Winter gar nicht lohnt, da der Wagen ja gleich wieder eindreckt, sollte der Winterschmutz regelm\u00e4\u00dfig beseitigt werden. Schneematsch, Streugut und Salz k\u00f6nnen n\u00e4mlich Lack und Unterboden schaden und die Bildung von Rost beg\u00fcnstigen. Eine Vorw\u00e4sche im Winter ist besonders wichtig, betont der Autoclub.<\/p>\n<p><em>T\u00dcV S\u00fcd meint:<\/em><br \/>\n\u201eAutofahrer sollten bei Frost am Tag nicht in die Waschanlage fahren. Zur\u00fcckbleibendes Wasser kann dann unter Umst\u00e4nden an den Bremss\u00e4tteln oder den T\u00fcrdichtungen gefrieren, man wartet lieber auf leichte Plusgrade.\u201c<\/p>\n<p>[\/et_pb_text][\/et_pb_column][\/et_pb_row][\/et_pb_section][et_pb_section bb_built=&#8220;1&#8243; admin_label=&#8220;Features&#8220; module_id=&#8220;galerie&#8220; _builder_version=&#8220;3.12.2&#8243; background_color=&#8220;#ffffff&#8220; background_blend=&#8220;overlay&#8220; custom_padding=&#8220;42px||0||false|false&#8220; top_divider_height=&#8220;150px&#8220; top_divider_flip=&#8220;horizontal&#8220; locked=&#8220;off&#8220; prev_background_color=&#8220;#000000&#8243; next_background_color=&#8220;#000000&#8243;][et_pb_row custom_padding=&#8220;|||&#8220; custom_margin=&#8220;|||&#8220; custom_padding_last_edited=&#8220;off|desktop&#8220; _builder_version=&#8220;3.12.2&#8243; animation_style=&#8220;fade&#8220;][et_pb_column type=&#8220;4_4&#8243;][et_pb_text admin_label=&#8220;Galerie&#8220; _builder_version=&#8220;3.12.2&#8243; header_line_height=&#8220;0em&#8220; header_2_text_align=&#8220;center&#8220; header_2_font_size=&#8220;46px&#8220; header_2_line_height=&#8220;1.3em&#8220; background_layout=&#8220;dark&#8220; max_width=&#8220;700px&#8220; module_alignment=&#8220;center&#8220; custom_margin=&#8220;|||&#8220; animation_style=&#8220;slide&#8220; animation_direction=&#8220;top&#8220; animation_intensity_slide=&#8220;5%&#8220; animation_starting_opacity=&#8220;100%&#8220;]<\/p>\n<h2><span style=\"color: #069fdd;\">Galerie<\/span><\/h2>\n<p>[\/et_pb_text][\/et_pb_column][\/et_pb_row][\/et_pb_section][et_pb_section bb_built=&#8220;1&#8243; _builder_version=&#8220;3.12.2&#8243; custom_padding=&#8220;0|0px|0|0px|false|false&#8220; prev_background_color=&#8220;#000000&#8243; next_background_color=&#8220;#000000&#8243;][et_pb_row use_custom_width=&#8220;on&#8220; custom_width_px=&#8220;1280px&#8220; use_custom_gutter=&#8220;on&#8220; custom_padding=&#8220;27px|0px|0|0px|false|false&#8220; custom_margin=&#8220;|||&#8220; _builder_version=&#8220;3.0.84&#8243;][et_pb_column type=&#8220;1_3&#8243;][et_pb_image src=&#8220;https:\/\/bavaria-carwash.de\/wp-content\/uploads\/2018\/08\/bavaria-carwash-schild-waschprogramme.jpg&#8220; show_in_lightbox=&#8220;on&#8220; use_overlay=&#8220;on&#8220; overlay_icon_color=&#8220;rgba(0,0,0,0.22)&#8220; hover_overlay_color=&#8220;rgba(255,255,255,0.29)&#8220; _builder_version=&#8220;3.12.2&#8243; custom_margin=&#8220;||15%|&#8220; animation_style=&#8220;slide&#8220; animation_direction=&#8220;bottom&#8220; animation_intensity_slide=&#8220;4%&#8220;]<\/p>\n<p>&nbsp;<\/p>\n<p>[\/et_pb_image][et_pb_image src=&#8220;https:\/\/bavaria-carwash.de\/wp-content\/uploads\/2018\/08\/bavaria-carwash-waschen-2.jpg&#8220; show_in_lightbox=&#8220;on&#8220; use_overlay=&#8220;on&#8220; overlay_icon_color=&#8220;rgba(0,0,0,0.22)&#8220; hover_overlay_color=&#8220;rgba(255,255,255,0.29)&#8220; _builder_version=&#8220;3.12.2&#8243; custom_margin=&#8220;||15%|&#8220; animation_style=&#8220;slide&#8220; animation_direction=&#8220;bottom&#8220; animation_intensity_slide=&#8220;4%&#8220; locked=&#8220;off&#8220;]<\/p>\n<p>&nbsp;<\/p>\n<p>[\/et_pb_image][et_pb_image src=&#8220;https:\/\/bavaria-carwash.de\/wp-content\/uploads\/2018\/08\/bavaria-carwash-aussen.jpg&#8220; show_in_lightbox=&#8220;on&#8220; use_overlay=&#8220;on&#8220; overlay_icon_color=&#8220;rgba(0,0,0,0.22)&#8220; hover_overlay_color=&#8220;rgba(255,255,255,0.29)&#8220; _builder_version=&#8220;3.12.2&#8243; custom_margin=&#8220;||15%|&#8220; animation_style=&#8220;slide&#8220; animation_direction=&#8220;bottom&#8220; animation_intensity_slide=&#8220;4%&#8220; locked=&#8220;off&#8220;]<\/p>\n<p>&nbsp;<\/p>\n<p>[\/et_pb_image][et_pb_image src=&#8220;https:\/\/bavaria-carwash.de\/wp-content\/uploads\/2018\/08\/bavaria-carwash-schild-stubn.jpg&#8220; show_in_lightbox=&#8220;on&#8220; use_overlay=&#8220;on&#8220; overlay_icon_color=&#8220;rgba(0,0,0,0.22)&#8220; hover_overlay_color=&#8220;rgba(255,255,255,0.29)&#8220; _builder_version=&#8220;3.12.2&#8243; custom_margin=&#8220;||15%|&#8220; animation_style=&#8220;slide&#8220; animation_direction=&#8220;bottom&#8220; animation_intensity_slide=&#8220;4%&#8220; locked=&#8220;off&#8220;]<\/p>\n<p>&nbsp;<\/p>\n<p>[\/et_pb_image][\/et_pb_column][et_pb_column type=&#8220;1_3&#8243;][et_pb_image src=&#8220;https:\/\/bavaria-carwash.de\/wp-content\/uploads\/2018\/08\/bavaria-carwash-waschen.jpg&#8220; show_in_lightbox=&#8220;on&#8220; use_overlay=&#8220;on&#8220; overlay_icon_color=&#8220;rgba(0,0,0,0.22)&#8220; hover_overlay_color=&#8220;rgba(255,255,255,0.29)&#8220; _builder_version=&#8220;3.12.2&#8243; custom_margin=&#8220;||15%|&#8220; animation_style=&#8220;slide&#8220; animation_direction=&#8220;bottom&#8220; animation_intensity_slide=&#8220;4%&#8220; locked=&#8220;off&#8220;]<\/p>\n<p>&nbsp;<\/p>\n<p>[\/et_pb_image][et_pb_image src=&#8220;https:\/\/bavaria-carwash.de\/wp-content\/uploads\/2018\/08\/bavaria-carwash-schild-angebote.jpg&#8220; show_in_lightbox=&#8220;on&#8220; use_overlay=&#8220;on&#8220; overlay_icon_color=&#8220;rgba(0,0,0,0.22)&#8220; hover_overlay_color=&#8220;rgba(255,255,255,0.29)&#8220; _builder_version=&#8220;3.12.2&#8243; custom_margin=&#8220;||15%|&#8220; animation_style=&#8220;slide&#8220; animation_direction=&#8220;bottom&#8220; animation_intensity_slide=&#8220;4%&#8220; locked=&#8220;off&#8220;]<\/p>\n<p>&nbsp;<\/p>\n<p>[\/et_pb_image][et_pb_image src=&#8220;https:\/\/bavaria-carwash.de\/wp-content\/uploads\/2018\/08\/bavaria-carwash-kasse.jpg&#8220; show_in_lightbox=&#8220;on&#8220; use_overlay=&#8220;on&#8220; overlay_icon_color=&#8220;rgba(0,0,0,0.22)&#8220; hover_overlay_color=&#8220;rgba(255,255,255,0.29)&#8220; _builder_version=&#8220;3.12.2&#8243; custom_margin=&#8220;||15%|&#8220; animation_style=&#8220;slide&#8220; animation_direction=&#8220;bottom&#8220; animation_intensity_slide=&#8220;4%&#8220; locked=&#8220;off&#8220;]<\/p>\n<p>&nbsp;<\/p>\n<p>[\/et_pb_image][et_pb_image src=&#8220;https:\/\/bavaria-carwash.de\/wp-content\/uploads\/2018\/08\/bavaria-carwash-schild-schwaemme.jpg&#8220; show_in_lightbox=&#8220;on&#8220; use_overlay=&#8220;on&#8220; overlay_icon_color=&#8220;rgba(0,0,0,0.22)&#8220; hover_overlay_color=&#8220;rgba(255,255,255,0.29)&#8220; _builder_version=&#8220;3.12.2&#8243; custom_margin=&#8220;||15%|&#8220; animation_style=&#8220;slide&#8220; animation_direction=&#8220;bottom&#8220; animation_intensity_slide=&#8220;4%&#8220; locked=&#8220;off&#8220;]<\/p>\n<p>&nbsp;<\/p>\n<p>[\/et_pb_image][\/et_pb_column][et_pb_column type=&#8220;1_3&#8243;][et_pb_image src=&#8220;https:\/\/bavaria-carwash.de\/wp-content\/uploads\/2018\/08\/bavaria-carwash-fahnen.jpg&#8220; show_in_lightbox=&#8220;on&#8220; use_overlay=&#8220;on&#8220; overlay_icon_color=&#8220;rgba(0,0,0,0.22)&#8220; hover_overlay_color=&#8220;rgba(255,255,255,0.29)&#8220; _builder_version=&#8220;3.12.2&#8243; custom_margin=&#8220;||15%|&#8220; animation_style=&#8220;slide&#8220; animation_direction=&#8220;bottom&#8220; animation_intensity_slide=&#8220;4%&#8220; locked=&#8220;off&#8220;]<\/p>\n<p>&nbsp;<\/p>\n<p>[\/et_pb_image][et_pb_image src=&#8220;https:\/\/bavaria-carwash.de\/wp-content\/uploads\/2018\/08\/bavaria-carwash-start.jpg&#8220; show_in_lightbox=&#8220;on&#8220; use_overlay=&#8220;on&#8220; overlay_icon_color=&#8220;rgba(0,0,0,0.22)&#8220; hover_overlay_color=&#8220;rgba(255,255,255,0.29)&#8220; _builder_version=&#8220;3.12.2&#8243; custom_margin=&#8220;||15%|&#8220; animation_style=&#8220;slide&#8220; animation_direction=&#8220;bottom&#8220; animation_intensity_slide=&#8220;4%&#8220; locked=&#8220;off&#8220;]<\/p>\n<p>&nbsp;<\/p>\n<p>[\/et_pb_image][et_pb_image src=&#8220;https:\/\/bavaria-carwash.de\/wp-content\/uploads\/2018\/08\/bavaria-carwash-schild-selbstbedienung.jpg&#8220; show_in_lightbox=&#8220;on&#8220; use_overlay=&#8220;on&#8220; overlay_icon_color=&#8220;rgba(0,0,0,0.22)&#8220; hover_overlay_color=&#8220;rgba(255,255,255,0.29)&#8220; _builder_version=&#8220;3.12.2&#8243; custom_margin=&#8220;||15%|&#8220; animation_style=&#8220;slide&#8220; animation_direction=&#8220;bottom&#8220; animation_intensity_slide=&#8220;4%&#8220; locked=&#8220;off&#8220;]<\/p>\n<p>&nbsp;<\/p>\n<p>[\/et_pb_image][et_pb_image src=&#8220;https:\/\/bavaria-carwash.de\/wp-content\/uploads\/2018\/08\/bavaria-carwash-fahnen-2.jpg&#8220; show_in_lightbox=&#8220;on&#8220; use_overlay=&#8220;on&#8220; overlay_icon_color=&#8220;rgba(0,0,0,0.22)&#8220; hover_overlay_color=&#8220;rgba(255,255,255,0.29)&#8220; _builder_version=&#8220;3.12.2&#8243; custom_margin=&#8220;||15%|&#8220; animation_style=&#8220;slide&#8220; animation_direction=&#8220;bottom&#8220; animation_intensity_slide=&#8220;4%&#8220; locked=&#8220;off&#8220;]<\/p>\n<p>&nbsp;<\/p>\n<p>[\/et_pb_image][\/et_pb_column][\/et_pb_row][\/et_pb_section][et_pb_section bb_built=&#8220;1&#8243; module_id=&#8220;infos&#8220; _builder_version=&#8220;3.12.2&#8243; custom_padding=&#8220;0|0px|54px|0px|false|false&#8220; prev_background_color=&#8220;#000000&#8243;][et_pb_row custom_padding=&#8220;0|0px|6px|0px|false|false&#8220; custom_margin=&#8220;|||&#8220; custom_padding_last_edited=&#8220;off|desktop&#8220; _builder_version=&#8220;3.12.2&#8243; module_alignment=&#8220;center&#8220; animation_style=&#8220;fade&#8220;][et_pb_column type=&#8220;4_4&#8243;][et_pb_image src=&#8220;https:\/\/bavaria-carwash.de\/wp-content\/uploads\/2018\/08\/bavaria-carwash-wellen-icon-11-1.png&#8220; align=&#8220;center&#8220; _builder_version=&#8220;3.12.2&#8243;]<\/p>\n<p>&nbsp;<\/p>\n<p>[\/et_pb_image][et_pb_text _builder_version=&#8220;3.12.2&#8243; header_line_height=&#8220;0em&#8220; header_2_text_align=&#8220;center&#8220; header_2_text_color=&#8220;#069fdd&#8220; header_2_font_size=&#8220;46px&#8220; header_2_line_height=&#8220;1.3em&#8220; background_layout=&#8220;dark&#8220; max_width=&#8220;700px&#8220; module_alignment=&#8220;center&#8220; custom_margin=&#8220;|||&#8220; animation_style=&#8220;slide&#8220; animation_direction=&#8220;top&#8220; animation_intensity_slide=&#8220;5%&#8220; animation_starting_opacity=&#8220;100%&#8220;]<\/p>\n<h2>Hochglanz Autopflege durch neueste Technologie<\/h2>\n<p>[\/et_pb_text][\/et_pb_column][\/et_pb_row][et_pb_row _builder_version=&#8220;3.0.48&#8243; background_size=&#8220;initial&#8220; background_position=&#8220;top_left&#8220; background_repeat=&#8220;repeat&#8220;][et_pb_column type=&#8220;1_2&#8243;][et_pb_text _builder_version=&#8220;3.12.2&#8243; header_line_height=&#8220;0em&#8220; header_2_text_align=&#8220;center&#8220; header_2_font_size=&#8220;46px&#8220; header_2_line_height=&#8220;1.3em&#8220; max_width=&#8220;700px&#8220; module_alignment=&#8220;center&#8220; custom_margin=&#8220;|||&#8220; animation_style=&#8220;slide&#8220; animation_direction=&#8220;top&#8220; animation_intensity_slide=&#8220;5%&#8220; animation_starting_opacity=&#8220;100%&#8220;]<\/p>\n<p>Unsere Autowaschanlage w\u00e4scht dank <strong>neuester Technologie<\/strong> \u00e4u\u00dferst <strong>gr\u00fcndlich<\/strong> und ist <strong>maximal schonend f\u00fcr den Lack<\/strong>. Sie wurde von WashTec, dem f\u00fchrenden deutschen Waschanlagenhersteller fachgerecht eingebaut und zertifiziert. Wir sind sehr stolz darauf, dass alle unsere <strong>Chemikalien biologisch abbaubar<\/strong>, also umweltschonend sind. Auch wird durch die neue Wasseraufbereitungs- und Wasserr\u00fcckgewinnungsanlage der <strong>Frischwasserverbrauch auf ein Minimu<\/strong>m reduziert und von Sand und Schmutz entsorgt. <strong>Vor<\/strong> dem eigentlichen Waschgang wird Ihr Auto <strong>immer mittels Aktivschaum<\/strong> schonend von Dreck befreit und Ihre Felgen werden mit <strong>Hochdruckreiniger<\/strong> vorbehandelt. Erst dann beginnt die eigentliche W\u00e4sche und wird auf Wunsch anschlie\u00dfend mit <strong>Lackschutz ShineTecs<\/strong> aufbereitet und mit <strong>innovativem RainTecs<\/strong> versiegelt.<\/p>\n<p>[\/et_pb_text][\/et_pb_column][et_pb_column type=&#8220;1_2&#8243;][et_pb_text _builder_version=&#8220;3.12.2&#8243; header_line_height=&#8220;0em&#8220; header_2_text_align=&#8220;center&#8220; header_2_font_size=&#8220;46px&#8220; header_2_line_height=&#8220;1.3em&#8220; max_width=&#8220;700px&#8220; module_alignment=&#8220;center&#8220; custom_margin=&#8220;|||&#8220; animation_style=&#8220;slide&#8220; animation_direction=&#8220;top&#8220; animation_intensity_slide=&#8220;5%&#8220; animation_starting_opacity=&#8220;100%&#8220;]<\/p>\n<p>Ihre Autow\u00e4sche bezahlen Sie entweder traditionell mit <strong>M\u00fcnzgeld<\/strong>, mittels\u00a0<strong>Waschkarte mit Aufladefunktion\u00a0<\/strong>oder mit <strong>EC-Karte<\/strong> ganz einfach direkt am Automat. Besonders verdreckte Fahrzeuge oder eingebrannte Dreckpartien lassen sich mit dem Vorspr\u00fchger\u00e4t an unserer ebenfalls <strong>neuen SB-Anlage<\/strong> behandeln, um so ein exzellentes Waschergebnis zu erzielen. Unsere <strong>zwei neuen Turbosauger<\/strong> warten auf den Schmutz Ihres Innenraums. Selbstverst\u00e4ndlich wird unsere Waschanlage regelm\u00e4\u00dfig von uns <strong>gewartet und gereinigt,<\/strong> dadurch liefert sie immer ein <strong>optimales Waschergebnis<\/strong>. Sie werden staunen und mit einem L\u00e4cheln vom Hof fahren! I<\/p>\n<p><strong>Ihr Team der BAVARIA CarWash<\/strong><\/p>\n<div><strong>Am Schlichtfeld 3,\u00a0<\/strong><strong>82541 M\u00fcnsing<\/strong><\/div>\n<p>[\/et_pb_text][\/et_pb_column][\/et_pb_row][\/et_pb_section]<\/p>\n","protected":false},"excerpt":{"rendered":"<p>Autopflege mit gutem Gewissen und durch WashTec L\u00f6sungen maximal schonend f\u00fcr den Lack. und die Aufbereitungsanlage reduziert den\u00a0Frischwasserverbrauch auf ein Minimum. &nbsp; \u00d6ffnungszeiten Montag bis Samstag *Wichtige Hinweise zur Autow\u00e4sche im Winter: Der ADAC empfiehlt: \u201eAuch wenn viele Autohalter der Meinung sind, dass sich die W\u00e4sche im Winter gar nicht lohnt, da der Wagen ja [&hellip;]<\/p>\n","protected":false},"author":1,"featured_media":167,"parent":0,"menu_order":0,"comment_status":"closed","ping_status":"closed","template":"","meta":{"_et_pb_use_builder":"on","_et_pb_old_content":"","_et_gb_content_width":""},"_links":{"self":[{"href":"https:\/\/bavaria-carwash.de\/index.php?rest_route=\/wp\/v2\/pages\/6"}],"collection":[{"href":"https:\/\/bavaria-carwash.de\/index.php?rest_route=\/wp\/v2\/pages"}],"about":[{"href":"https:\/\/bavaria-carwash.de\/index.php?rest_route=\/wp\/v2\/types\/page"}],"author":[{"embeddable":true,"href":"https:\/\/bavaria-carwash.de\/index.php?rest_route=\/wp\/v2\/users\/1"}],"replies":[{"embeddable":true,"href":"https:\/\/bavaria-carwash.de\/index.php?rest_route=%2Fwp%2Fv2%2Fcomments&post=6"}],"version-history":[{"count":53,"href":"https:\/\/bavaria-carwash.de\/index.php?rest_route=\/wp\/v2\/pages\/6\/revisions"}],"predecessor-version":[{"id":212,"href":"https:\/\/bavaria-carwash.de\/index.php?rest_route=\/wp\/v2\/pages\/6\/revisions\/212"}],"wp:featuredmedia":[{"embeddable":true,"href":"https:\/\/bavaria-carwash.de\/index.php?rest_route=\/wp\/v2\/media\/167"}],"wp:attachment":[{"href":"https:\/\/bavaria-carwash.de\/index.php?rest_route=%2Fwp%2Fv2%2Fmedia&parent=6"}],"curies":[{"name":"wp","href":"https:\/\/api.w.org\/{rel}","templated":true}]}}